{"id":124,"date":"2018-10-16T21:51:38","date_gmt":"2018-10-16T19:51:38","guid":{"rendered":"http:\/\/dasguteleben-aussee.at\/?page_id=124"},"modified":"2026-02-18T17:19:26","modified_gmt":"2026-02-18T16:19:26","slug":"datenschutz","status":"publish","type":"page","link":"http:\/\/dasguteleben-aussee.at\/?page_id=124","title":{"rendered":"DATENSCHUTZ"},"content":{"rendered":"\n<div class=\"wp-block-columns is-layout-flex wp-container-core-columns-is-layout-9d6595d7 wp-block-columns-is-layout-flex\">\n<div class=\"wp-block-column is-layout-flow wp-block-column-is-layout-flow\" style=\"flex-basis:100%\">\n<h3><span style=\"color: #c17746;\">Erkl\u00e4rung zur Informationspflicht<\/span><br \/><span style=\"color: #c17746;\">(Datenschutzerkl\u00e4rung)<\/span><\/h3>\n<p><span style=\"color: #c17746;\">\u00a0<\/span><br \/><span style=\"color: #c17746;\">Der Schutz Ihrer pers\u00f6nlichen Daten ist uns ein besonderes Anliegen. Wir verarbeiten Ihre Daten daher ausschlie\u00dflich auf Grundlage der gesetzlichen Bestimmungen (DSGVO, TKG 2003). In diesen Datenschutzinformationen informieren wir Sie \u00fcber die wichtigsten Aspekte der Datenverarbeitung im Rahmen unserer Website.<\/span><\/p>\n<p><span style=\"color: #c17746;\"><strong>Kontakt mit uns<\/strong><\/span><br \/><span style=\"color: #c17746;\">Wenn Sie per E-Mail Kontakt mit uns aufnehmen, werden Ihre angegebenen Daten zwecks Bearbeitung der Anfrage und f\u00fcr den Fall von Anschlussfragen sechs Monate bei uns gespeichert. Diese Daten geben wir nicht ohne Ihre Einwilligung weiter.<\/span><br \/><span style=\"color: #c17746;\"><strong><br \/>Google Fonts Datenschutzerkl\u00e4rung<\/strong><\/span><br \/><span style=\"color: #c17746;\">Wir verwenden Google Fonts der Firma Google Inc. (1600 Amphitheatre Parkway Mountain View, CA 94043, USA) auf unserer Webseite. Die Verwendung von Google Fonts erfolgt ohne Authentisierung und es werden keine Cookies and die Google Fonts API gesendet. Sollten Sie ein Konto bei Google haben, werden keine Ihrer Google-Kontodaten an Google w\u00e4hrend der Nutzung von Google Fonts \u00fcbermittelt. Google erfasst lediglich die Nutzung von CSS und der verwendeten Fonts und speichert diese Daten sicher. Mehr zu diesen und weiteren Fragen finden Sie auf https:\/\/developers.google.com\/fonts\/faq.<\/span><\/p>\n<p><span style=\"color: #c17746;\"><strong>Ihre Rechte<\/strong><\/span><br \/><span style=\"color: #c17746;\">Ihnen stehen grunds\u00e4tzlich die Rechte auf Auskunft, Berichtigung, L\u00f6schung, Einschr\u00e4nkung, Daten\u00fcbertragbarkeit, Widerruf und Widerspruch zu. Wenn Sie glauben, dass die Verarbeitung Ihrer Daten gegen das Datenschutzrecht verst\u00f6\u00dft oder Ihre datenschutzrechtlichen Anspr\u00fcche sonst in einer Weise verletzt worden sind, k\u00f6nnen Sie sich bei der Aufsichtsbeh\u00f6rde beschweren. In \u00d6sterreich ist dies die Datenschutzbeh\u00f6rde.<\/span><\/p>\n<p><span style=\"color: #c17746;\"><strong>Sie erreichen uns unter folgenden Kontaktdaten:<\/strong><\/span><br \/><span style=\"color: #c17746;\">\u00a0<\/span><br \/><span style=\"color: #c17746;\">Das gute Leben<\/span><br \/><span style=\"color: #c17746;\">Meranplatz 36, 8990 Bad Aussee<\/span><br \/><span style=\"color: #c17746;\">+43 (0)3622 52419<\/span><br \/><span style=\"color: #c17746;\">office@dasguteleben-aussee.at<\/span><\/p>\n<\/div>\n<\/div>\n","protected":false},"excerpt":{"rendered":"<p>Erkl\u00e4rung zur Informationspflicht(Datenschutzerkl\u00e4rung) \u00a0Der Schutz Ihrer pers\u00f6nlichen Daten ist uns ein besonderes Anliegen. Wir verarbeiten Ihre Daten daher ausschlie\u00dflich auf Grundlage der gesetzlichen Bestimmungen (DSGVO, TKG 2003). In diesen Datenschutzinformationen informieren wir Sie \u00fcber die wichtigsten Aspekte der Datenverarbeitung im Rahmen unserer Website. Kontakt mit unsWenn Sie per E-Mail Kontakt mit uns aufnehmen, werden Ihre [&hellip;]<\/p>\n","protected":false},"author":1,"featured_media":0,"parent":0,"menu_order":0,"comment_status":"closed","ping_status":"closed","template":"","meta":{"jetpack_post_was_ever_published":false,"footnotes":""},"class_list":["post-124","page","type-page","status-publish","hentry"],"jetpack_sharing_enabled":true,"jetpack_shortlink":"https:\/\/wp.me\/Palulz-20","_links":{"self":[{"href":"http:\/\/dasguteleben-aussee.at\/index.php?rest_route=\/wp\/v2\/pages\/124","targetHints":{"allow":["GET"]}}],"collection":[{"href":"http:\/\/dasguteleben-aussee.at\/index.php?rest_route=\/wp\/v2\/pages"}],"about":[{"href":"http:\/\/dasguteleben-aussee.at\/index.php?rest_route=\/wp\/v2\/types\/page"}],"author":[{"embeddable":true,"href":"http:\/\/dasguteleben-aussee.at\/index.php?rest_route=\/wp\/v2\/users\/1"}],"replies":[{"embeddable":true,"href":"http:\/\/dasguteleben-aussee.at\/index.php?rest_route=%2Fwp%2Fv2%2Fcomments&post=124"}],"version-history":[{"count":6,"href":"http:\/\/dasguteleben-aussee.at\/index.php?rest_route=\/wp\/v2\/pages\/124\/revisions"}],"predecessor-version":[{"id":1309,"href":"http:\/\/dasguteleben-aussee.at\/index.php?rest_route=\/wp\/v2\/pages\/124\/revisions\/1309"}],"wp:attachment":[{"href":"http:\/\/dasguteleben-aussee.at\/index.php?rest_route=%2Fwp%2Fv2%2Fmedia&parent=124"}],"curies":[{"name":"wp","href":"https:\/\/api.w.org\/{rel}","templated":true}]}}