{"id":1264,"date":"2025-11-13T11:55:28","date_gmt":"2025-11-13T10:55:28","guid":{"rendered":"http:\/\/dasguteleben-aussee.at\/?page_id=1264"},"modified":"2026-02-18T16:35:38","modified_gmt":"2026-02-18T15:35:38","slug":"impressum-2","status":"publish","type":"page","link":"http:\/\/dasguteleben-aussee.at\/?page_id=1264","title":{"rendered":"Impressum"},"content":{"rendered":"\n<h2 class=\"wp-block-heading\"><strong>IMPRESSUM<\/strong><\/h2>\n\n\n\n<p> <strong>Ganisl Gastro OG<\/strong><br> Meranplatz 36<br> 8990 Bad Aussee<br> +43 (0)3622 52419<\/p>\n\n\n\n<p>ATU82980437<\/p>\n\n\n\n<h5 class=\"wp-block-heading\"><strong>Rechtliche Hinweise<\/strong><\/h5>\n\n\n\n<p>\u00a92018 by Das gute Leben<\/p>\n\n\n\n<h5 class=\"wp-block-heading\"><strong>Haftungshinweis<\/strong><\/h5>\n\n\n\n<p>Trotz sorgf\u00e4ltiger inhaltlicher Kontrolle \u00fcbernehmen wir keine Haftung f\u00fcr die Inhalte externer Links. F\u00fcr den Inhalt der verlinkten Seiten sind ausschlie\u00dflich deren Betreiber verantwortlich.<\/p>\n\n\n\n<h5 class=\"wp-block-heading\"><strong>Copyright<\/strong><\/h5>\n\n\n\n<p>Copyright Das gute Leben. Alle Rechte vorbehalten. Alle Urheberrechte und andere Rechte auf s\u00e4mtliche Abbildungen, Texte, Grafiken und andere Materialien sind Eigentum von Das gute Leben. Die Verwendung ohne vorherige schriftliche Zustimmung von Das gute Leben ist ausdr\u00fccklich untersagt. Bei widerrechtlicher Verwendung beh\u00e4lt sich Das gute Leben vor, Nutzungsentgelt f\u00fcr den Zeitraum der Nutzung zu erheben.<\/p>\n\n\n\n<p>Fotografien: <a href=\"https:\/\/karlsteinegger.com\/\">Karl Steinegger Photography<\/a><\/p>\n","protected":false},"excerpt":{"rendered":"<p>IMPRESSUM Ganisl Gastro OG Meranplatz 36 8990 Bad Aussee +43 (0)3622 52419 ATU82980437 Rechtliche Hinweise \u00a92018 by Das gute Leben Haftungshinweis Trotz sorgf\u00e4ltiger inhaltlicher Kontrolle \u00fcbernehmen wir keine Haftung f\u00fcr die Inhalte externer Links. F\u00fcr den Inhalt der verlinkten Seiten sind ausschlie\u00dflich deren Betreiber verantwortlich. Copyright Copyright Das gute Leben. Alle Rechte vorbehalten. Alle Urheberrechte [&hellip;]<\/p>\n","protected":false},"author":1,"featured_media":0,"parent":0,"menu_order":0,"comment_status":"closed","ping_status":"closed","template":"","meta":{"jetpack_post_was_ever_published":false,"footnotes":""},"class_list":["post-1264","page","type-page","status-publish","hentry"],"jetpack_sharing_enabled":true,"jetpack_shortlink":"https:\/\/wp.me\/Palulz-ko","_links":{"self":[{"href":"http:\/\/dasguteleben-aussee.at\/index.php?rest_route=\/wp\/v2\/pages\/1264","targetHints":{"allow":["GET"]}}],"collection":[{"href":"http:\/\/dasguteleben-aussee.at\/index.php?rest_route=\/wp\/v2\/pages"}],"about":[{"href":"http:\/\/dasguteleben-aussee.at\/index.php?rest_route=\/wp\/v2\/types\/page"}],"author":[{"embeddable":true,"href":"http:\/\/dasguteleben-aussee.at\/index.php?rest_route=\/wp\/v2\/users\/1"}],"replies":[{"embeddable":true,"href":"http:\/\/dasguteleben-aussee.at\/index.php?rest_route=%2Fwp%2Fv2%2Fcomments&post=1264"}],"version-history":[{"count":3,"href":"http:\/\/dasguteleben-aussee.at\/index.php?rest_route=\/wp\/v2\/pages\/1264\/revisions"}],"predecessor-version":[{"id":1296,"href":"http:\/\/dasguteleben-aussee.at\/index.php?rest_route=\/wp\/v2\/pages\/1264\/revisions\/1296"}],"wp:attachment":[{"href":"http:\/\/dasguteleben-aussee.at\/index.php?rest_route=%2Fwp%2Fv2%2Fmedia&parent=1264"}],"curies":[{"name":"wp","href":"https:\/\/api.w.org\/{rel}","templated":true}]}}