{"id":2,"date":"2018-10-09T19:59:50","date_gmt":"2018-10-09T17:59:50","guid":{"rendered":"http:\/\/dasguteleben-aussee.at\/?page_id=2"},"modified":"2026-02-18T17:18:20","modified_gmt":"2026-02-18T16:18:20","slug":"oeffunungszeiten","status":"publish","type":"page","link":"http:\/\/dasguteleben-aussee.at\/?page_id=2","title":{"rendered":"ZEITEN\/KONTAKT"},"content":{"rendered":"<p><span style=\"color: #c17746;\"><strong>\u00d6FFNUNGSZEITEN<\/strong><\/span><\/p>\n<p><span style=\"color: #c17746;\"><strong><img loading=\"lazy\" decoding=\"async\" class=\"wp-image-569 alignright\" src=\"http:\/\/dasguteleben-aussee.at\/wp-content\/uploads\/2021\/09\/Das_Gute_Leben-Karl_Steinegger-32-scaled.jpg\" alt=\"\" width=\"543\" height=\"362\" srcset=\"http:\/\/dasguteleben-aussee.at\/wp-content\/uploads\/2021\/09\/Das_Gute_Leben-Karl_Steinegger-32-scaled.jpg 2560w, http:\/\/dasguteleben-aussee.at\/wp-content\/uploads\/2021\/09\/Das_Gute_Leben-Karl_Steinegger-32-300x200.jpg 300w, http:\/\/dasguteleben-aussee.at\/wp-content\/uploads\/2021\/09\/Das_Gute_Leben-Karl_Steinegger-32-1024x683.jpg 1024w, http:\/\/dasguteleben-aussee.at\/wp-content\/uploads\/2021\/09\/Das_Gute_Leben-Karl_Steinegger-32-768x512.jpg 768w, http:\/\/dasguteleben-aussee.at\/wp-content\/uploads\/2021\/09\/Das_Gute_Leben-Karl_Steinegger-32-1536x1024.jpg 1536w, http:\/\/dasguteleben-aussee.at\/wp-content\/uploads\/2021\/09\/Das_Gute_Leben-Karl_Steinegger-32-2048x1366.jpg 2048w\" sizes=\"auto, (max-width: 543px) 100vw, 543px\" \/><\/strong><\/span><\/p>\n<p><span style=\"color: #c17746;\">Mittwoch bis Samstag<\/span><\/p>\n<p><span style=\"color: #c17746;\"><strong> &gt;&gt; 12 bis 22 Uhr &lt;&lt;<br \/><\/strong><\/span><\/p>\n<p><span style=\"color: #c17746;\"><strong>K\u00fcche von <\/strong><strong>12.00 bis 20.30 Uhr!<\/strong><\/span><\/p>\n<p><span style=\"color: #c17746;\">F\u00fcr Tischreservierungen oder spezielle Anfragen ruf einfach bei uns an!<\/span><\/p>\n<p><span style=\"color: #c17746;\"><strong>Das gute Leben<\/strong><\/span><br \/><span style=\"color: #c17746;\"><em>Meranplatz 36, 8990 Bad Aussee<\/em><\/span><br \/><span style=\"color: #c17746;\"><em>+43 (0)3622 52419<\/em><\/span><br \/><span style=\"color: #c17746;\"><em>office@dasguteleben-aussee.at<\/em><\/span><\/p>\n<h3><strong><span style=\"color: #c17746;\">Anfahrt<\/span><\/strong><\/h3>\n<p><span style=\"color: #c17746;\">Per PKW \u00fcber M\u00fcnchen, Salzburg, Thalgau und Bad Ischl<\/span><\/p>\n<p><span style=\"color: #c17746;\">Bahnstationen sind Bad Aussee, Pichl-Kainisch, Bad Mitterndorf und Tauplitz<\/span><\/p>\n<p><img loading=\"lazy\" decoding=\"async\" class=\"alignnone  wp-image-1289\" src=\"http:\/\/dasguteleben-aussee.at\/wp-content\/uploads\/2026\/01\/Standort-DGL-1.png\" alt=\"\" width=\"448\" height=\"249\" srcset=\"http:\/\/dasguteleben-aussee.at\/wp-content\/uploads\/2026\/01\/Standort-DGL-1.png 616w, http:\/\/dasguteleben-aussee.at\/wp-content\/uploads\/2026\/01\/Standort-DGL-1-300x167.png 300w\" sizes=\"auto, (max-width: 448px) 100vw, 448px\" \/><\/p>\n","protected":false},"excerpt":{"rendered":"<p>\u00d6FFNUNGSZEITEN Mittwoch bis Samstag &gt;&gt; 12 bis 22 Uhr &lt;&lt; K\u00fcche von 12.00 bis 20.30 Uhr! F\u00fcr Tischreservierungen oder spezielle Anfragen ruf einfach bei uns an! Das gute LebenMeranplatz 36, 8990 Bad Aussee+43 (0)3622 52419office@dasguteleben-aussee.at Anfahrt Per PKW \u00fcber M\u00fcnchen, Salzburg, Thalgau und Bad Ischl Bahnstationen sind Bad Aussee, Pichl-Kainisch, Bad Mitterndorf und Tauplitz<\/p>\n","protected":false},"author":1,"featured_media":0,"parent":0,"menu_order":0,"comment_status":"closed","ping_status":"closed","template":"","meta":{"jetpack_post_was_ever_published":false,"footnotes":""},"class_list":["post-2","page","type-page","status-publish","hentry"],"jetpack_sharing_enabled":true,"jetpack_shortlink":"https:\/\/wp.me\/Palulz-2","_links":{"self":[{"href":"http:\/\/dasguteleben-aussee.at\/index.php?rest_route=\/wp\/v2\/pages\/2","targetHints":{"allow":["GET"]}}],"collection":[{"href":"http:\/\/dasguteleben-aussee.at\/index.php?rest_route=\/wp\/v2\/pages"}],"about":[{"href":"http:\/\/dasguteleben-aussee.at\/index.php?rest_route=\/wp\/v2\/types\/page"}],"author":[{"embeddable":true,"href":"http:\/\/dasguteleben-aussee.at\/index.php?rest_route=\/wp\/v2\/users\/1"}],"replies":[{"embeddable":true,"href":"http:\/\/dasguteleben-aussee.at\/index.php?rest_route=%2Fwp%2Fv2%2Fcomments&post=2"}],"version-history":[{"count":10,"href":"http:\/\/dasguteleben-aussee.at\/index.php?rest_route=\/wp\/v2\/pages\/2\/revisions"}],"predecessor-version":[{"id":1308,"href":"http:\/\/dasguteleben-aussee.at\/index.php?rest_route=\/wp\/v2\/pages\/2\/revisions\/1308"}],"wp:attachment":[{"href":"http:\/\/dasguteleben-aussee.at\/index.php?rest_route=%2Fwp%2Fv2%2Fmedia&parent=2"}],"curies":[{"name":"wp","href":"https:\/\/api.w.org\/{rel}","templated":true}]}}